{"id":238,"date":"2020-07-15T11:09:41","date_gmt":"2020-07-15T08:09:41","guid":{"rendered":"https:\/\/plyppi.com\/?page_id=238"},"modified":"2022-08-21T18:19:50","modified_gmt":"2022-08-21T15:19:50","slug":"plyppitrolli","status":"publish","type":"page","link":"https:\/\/plyppi.com\/sv\/plyppitrolli\/","title":{"rendered":"Plupp-trollet"},"content":{"rendered":"<div data-elementor-type=\"wp-page\" data-elementor-id=\"238\" class=\"elementor elementor-238\" data-elementor-post-type=\"page\">\n\t\t\t\t\t\t<section data-particle_enable=\"false\" data-particle-mobile-disabled=\"false\" class=\"elementor-section elementor-top-section elementor-element elementor-element-baca6db elementor-section-stretched elementor-section-full_width elementor-section-height-min-height elementor-section-height-default elementor-section-items-middle\" data-id=\"baca6db\" data-element_type=\"section\" data-e-type=\"section\" id=\"plyppibanneri\" data-settings=\"{&quot;stretch_section&quot;:&quot;section-stretched&quot;,&quot;background_background&quot;:&quot;classic&quot;}\">\n\t\t\t\t\t\t<div class=\"elementor-container elementor-column-gap-default\">\n\t\t\t\t\t<div class=\"elementor-column elementor-col-100 elementor-top-column elementor-element elementor-element-e8f85dc\" data-id=\"e8f85dc\" data-element_type=\"column\" data-e-type=\"column\">\n\t\t\t<div class=\"elementor-widget-wrap\">\n\t\t\t\t\t\t\t<\/div>\n\t\t<\/div>\n\t\t\t\t\t<\/div>\n\t\t<\/section>\n\t\t\t\t<section data-particle_enable=\"false\" data-particle-mobile-disabled=\"false\" class=\"elementor-section elementor-top-section elementor-element elementor-element-42601a3 elementor-section-content-middle elementor-section-stretched elementor-section-boxed elementor-section-height-default elementor-section-height-default\" data-id=\"42601a3\" data-element_type=\"section\" data-e-type=\"section\" data-settings=\"{&quot;stretch_section&quot;:&quot;section-stretched&quot;,&quot;background_background&quot;:&quot;gradient&quot;,&quot;shape_divider_bottom&quot;:&quot;waves&quot;}\">\n\t\t\t\t\t<div class=\"elementor-shape elementor-shape-bottom\" aria-hidden=\"true\" data-negative=\"false\">\n\t\t\t<svg xmlns=\"http:\/\/www.w3.org\/2000\/svg\" viewbox=\"0 0 1000 100\" preserveaspectratio=\"none\">\n\t<path class=\"elementor-shape-fill\" d=\"M421.9,6.5c22.6-2.5,51.5,0.4,75.5,5.3c23.6,4.9,70.9,23.5,100.5,35.7c75.8,32.2,133.7,44.5,192.6,49.7\tc23.6,2.1,48.7,3.5,103.4-2.5c54.7-6,106.2-25.6,106.2-25.6V0H0v30.3c0,0,72,32.6,158.4,30.5c39.2-0.7,92.8-6.7,134-22.4\tc21.2-8.1,52.2-18.2,79.7-24.2C399.3,7.9,411.6,7.5,421.9,6.5z\"\/>\n<\/svg>\t\t<\/div>\n\t\t\t\t\t<div class=\"elementor-container elementor-column-gap-no\">\n\t\t\t\t\t<div class=\"elementor-column elementor-col-100 elementor-top-column elementor-element elementor-element-024bc4b\" data-id=\"024bc4b\" data-element_type=\"column\" data-e-type=\"column\">\n\t\t\t<div class=\"elementor-widget-wrap elementor-element-populated\">\n\t\t\t\t\t\t<div class=\"elementor-element elementor-element-9e22a58 elementor-widget elementor-widget-heading\" data-id=\"9e22a58\" data-element_type=\"widget\" data-e-type=\"widget\" data-widget_type=\"heading.default\">\n\t\t\t\t<div class=\"elementor-widget-container\">\n\t\t\t\t\t<h2 class=\"elementor-heading-title elementor-size-default\">Plupp-trollet<\/h2>\t\t\t\t<\/div>\n\t\t\t\t<\/div>\n\t\t\t\t<div class=\"elementor-element elementor-element-e4ef414 elementor-widget elementor-widget-text-editor\" data-id=\"e4ef414\" data-element_type=\"widget\" data-e-type=\"widget\" data-widget_type=\"text-editor.default\">\n\t\t\t\t<div class=\"elementor-widget-container\">\n\t\t\t\t\t\t\t\t\t<p class=\"_2cuy _3dgx _2vxa translation-block\">Plupp \u00e4r ett litet troll som bor bland h\u00f6ga fj\u00e4ll i Lappland. Inga Borg (1925\u20132017) heter f\u00f6rfattaren och illustrat\u00f6ren till Plupp och vi har \u00e4ran att njuta av 27 b\u00f6cker om den lilla sagofiguren. Ut\u00f6ver svenska kan man l\u00e4sa om Plupp p\u00e5 flera andra andra spr\u00e5k: nordsamiska (Bluppe), sydsamiska (Plupp), pitesamiska (Pluppa), enaresamiska (Pupp\u00e2), skoltsamiska (Tu\u00b4rrvuei\u00b4vv), f\u00e4r\u00f6iska (Br\u00fasi), gr\u00f6nl\u00e4ndska (Plup), isl\u00e4ndska (Pl\u00fapp), finska (P\u00f6rri-peikko), norska (Plopp), danska (Plup), engelska (Plupp), franska (Plupp), tyska (Plupp), esperanto (Plupo) och arabiska. Till me\u00e4nkieli \u00f6versattes Plupp (Plyppi) f\u00f6r f\u00f6rsta g\u00e5ngen 2015, d\u00e5 Plupp firade sitt 60-\u00e5rsjubileum.<\/p><p class=\"_2cuy _3dgx _2vxa\">I ber\u00e4ttelserna om Plupp f\u00e5r man l\u00e4ra sig om \u00e5rstiderna i norr, ofta ur synvinkeln av n\u00e5got djur. Plupp kan n\u00e4mligen tala med djur, och Hermelin och L\u00e4mmel \u00e4r hens n\u00e4rmaste v\u00e4nner. Man k\u00e4nner igen Plupp p\u00e5 det bl\u00e5a h\u00e5ret och den r\u00f6da n\u00e4san, och han bor i en torvk\u00e5ta vid en sj\u00f6 kallad Bl\u00e5vattnet.<\/p>\t\t\t\t\t\t\t\t<\/div>\n\t\t\t\t<\/div>\n\t\t\t\t<section data-particle_enable=\"false\" data-particle-mobile-disabled=\"false\" class=\"elementor-section elementor-inner-section elementor-element elementor-element-f9e37bd elementor-section-full_width elementor-section-height-default elementor-section-height-default\" data-id=\"f9e37bd\" data-element_type=\"section\" data-e-type=\"section\">\n\t\t\t\t\t\t<div class=\"elementor-container elementor-column-gap-default\">\n\t\t\t\t\t<div class=\"elementor-column elementor-col-100 elementor-inner-column elementor-element elementor-element-5677e6b\" data-id=\"5677e6b\" data-element_type=\"column\" data-e-type=\"column\">\n\t\t\t<div class=\"elementor-widget-wrap elementor-element-populated\">\n\t\t\t\t\t\t<div class=\"elementor-element elementor-element-458866a elementor-blockquote--skin-border elementor-widget elementor-widget-blockquote\" data-id=\"458866a\" data-element_type=\"widget\" data-e-type=\"widget\" data-widget_type=\"blockquote.default\">\n\t\t\t\t<div class=\"elementor-widget-container\">\n\t\t\t\t\t\t\t<blockquote class=\"elementor-blockquote\">\n\t\t\t<p class=\"elementor-blockquote__content\">\n\t\t\t\tPlyppi assuu jossaki kaukana pohjosen tunturissa. Siel\u00e4 sill\u00e4 oon pes\u00e4, pikkunen turvekota yhen j\u00e4rven rannala, jota h\u00e4\u00e4n kuttuu Vaaraj\u00e4rveksi.\t\t\t<\/p>\n\t\t\t\t\t<\/blockquote>\n\t\t\t\t\t\t<\/div>\n\t\t\t\t<\/div>\n\t\t\t\t\t<\/div>\n\t\t<\/div>\n\t\t\t\t\t<\/div>\n\t\t<\/section>\n\t\t\t\t<div class=\"elementor-element elementor-element-6fae6fb elementor-widget elementor-widget-image\" data-id=\"6fae6fb\" data-element_type=\"widget\" data-e-type=\"widget\" data-widget_type=\"image.default\">\n\t\t\t\t<div class=\"elementor-widget-container\">\n\t\t\t\t\t\t\t\t\t\t\t\t\t\t\t<img fetchpriority=\"high\" decoding=\"async\" width=\"1000\" height=\"762\" src=\"https:\/\/plyppi.com\/wp-content\/uploads\/2021\/07\/plyppi_ympyra2.png\" class=\"attachment-large size-large wp-image-893\" alt=\"Plupp-trollet\" srcset=\"https:\/\/plyppi.com\/wp-content\/uploads\/2021\/07\/plyppi_ympyra2.png 1000w, https:\/\/plyppi.com\/wp-content\/uploads\/2021\/07\/plyppi_ympyra2-300x229.png 300w, https:\/\/plyppi.com\/wp-content\/uploads\/2021\/07\/plyppi_ympyra2-768x585.png 768w\" sizes=\"(max-width: 1000px) 100vw, 1000px\" \/>\t\t\t\t\t\t\t\t\t\t\t\t\t\t\t<\/div>\n\t\t\t\t<\/div>\n\t\t\t\t<div class=\"elementor-element elementor-element-012ed9f elementor-widget elementor-widget-text-editor\" data-id=\"012ed9f\" data-element_type=\"widget\" data-e-type=\"widget\" data-widget_type=\"text-editor.default\">\n\t\t\t\t<div class=\"elementor-widget-container\">\n\t\t\t\t\t\t\t\t\t<p>Plyppi g\u00e5r att best\u00e4lla hos <a href=\"https:\/\/plyppi.com\/sv\/jalheenmyyjat\/\">dessa \u00e5terf\u00f6rs\u00e4ljare.<\/a><\/p>\t\t\t\t\t\t\t\t<\/div>\n\t\t\t\t<\/div>\n\t\t\t\t\t<\/div>\n\t\t<\/div>\n\t\t\t\t\t<\/div>\n\t\t<\/section>\n\t\t\t\t<\/div>","protected":false},"excerpt":{"rendered":"<p>Plyppi-trolli Plyppi oon alun perin ruottalainen trolli, joka ell\u00e4\u00e4 tunturimaisemissa Ruottin Lapissa. Plypin ruottinkielinen nimi oon\u00a0Plupp\u00a0ja t\u00e4m\u00e4n kl\u00e4pittenkirjahahmon oon keksiny ruottalainen\u00a0Inga Borg\u00a0(1925\u20132017). Borg kerkisi kirjottaa 27 kirjaa Plypist\u00e4 el\u00e4m\u00e4ns\u00e4 aikana, ja niit\u00e4 oon k\u00e4\u00e4netty monile eri kielile: pohjossaameksi (Bluppe), inarinsaameksi (Pupp\u00e2), koltansaameksi (Tu\u00b4rrvuei\u00b4vv), etel\u00e4saameksi (Plupp), f\u00e4\u00e4rin kielele (Br\u00fasi), kr\u00f6\u00f6nlanniksi (Plup), islanniksi (Pl\u00fapp), suomeksi (P\u00f6rri-peikko), norjaksi [&hellip;]<\/p>\n","protected":false},"author":1,"featured_media":0,"parent":0,"menu_order":0,"comment_status":"closed","ping_status":"closed","template":"","meta":{"_acf_changed":false,"ocean_post_layout":"","ocean_both_sidebars_style":"","ocean_both_sidebars_content_width":0,"ocean_both_sidebars_sidebars_width":0,"ocean_sidebar":"0","ocean_second_sidebar":"0","ocean_disable_margins":"enable","ocean_add_body_class":"","ocean_shortcode_before_top_bar":"","ocean_shortcode_after_top_bar":"","ocean_shortcode_before_header":"","ocean_shortcode_after_header":"","ocean_has_shortcode":"","ocean_shortcode_after_title":"","ocean_shortcode_before_footer_widgets":"","ocean_shortcode_after_footer_widgets":"","ocean_shortcode_before_footer_bottom":"","ocean_shortcode_after_footer_bottom":"","ocean_display_top_bar":"default","ocean_display_header":"default","ocean_header_style":"","ocean_center_header_left_menu":"0","ocean_custom_header_template":"0","ocean_custom_logo":0,"ocean_custom_retina_logo":0,"ocean_custom_logo_max_width":0,"ocean_custom_logo_tablet_max_width":0,"ocean_custom_logo_mobile_max_width":0,"ocean_custom_logo_max_height":0,"ocean_custom_logo_tablet_max_height":0,"ocean_custom_logo_mobile_max_height":0,"ocean_header_custom_menu":"0","ocean_menu_typo_font_family":"0","ocean_menu_typo_font_subset":"","ocean_menu_typo_font_size":0,"ocean_menu_typo_font_size_tablet":0,"ocean_menu_typo_font_size_mobile":0,"ocean_menu_typo_font_size_unit":"px","ocean_menu_typo_font_weight":"","ocean_menu_typo_font_weight_tablet":"","ocean_menu_typo_font_weight_mobile":"","ocean_menu_typo_transform":"","ocean_menu_typo_transform_tablet":"","ocean_menu_typo_transform_mobile":"","ocean_menu_typo_line_height":0,"ocean_menu_typo_line_height_tablet":0,"ocean_menu_typo_line_height_mobile":0,"ocean_menu_typo_line_height_unit":"","ocean_menu_typo_spacing":0,"ocean_menu_typo_spacing_tablet":0,"ocean_menu_typo_spacing_mobile":0,"ocean_menu_typo_spacing_unit":"","ocean_menu_link_color":"","ocean_menu_link_color_hover":"","ocean_menu_link_color_active":"","ocean_menu_link_background":"","ocean_menu_link_hover_background":"","ocean_menu_link_active_background":"","ocean_menu_social_links_bg":"","ocean_menu_social_hover_links_bg":"","ocean_menu_social_links_color":"","ocean_menu_social_hover_links_color":"","ocean_disable_title":"default","ocean_disable_heading":"default","ocean_post_title":"","ocean_post_subheading":"","ocean_post_title_style":"","ocean_post_title_background_color":"","ocean_post_title_background":0,"ocean_post_title_bg_image_position":"","ocean_post_title_bg_image_attachment":"","ocean_post_title_bg_image_repeat":"","ocean_post_title_bg_image_size":"","ocean_post_title_height":0,"ocean_post_title_bg_overlay":0.5,"ocean_post_title_bg_overlay_color":"","ocean_disable_breadcrumbs":"default","ocean_breadcrumbs_color":"","ocean_breadcrumbs_separator_color":"","ocean_breadcrumbs_links_color":"","ocean_breadcrumbs_links_hover_color":"","ocean_display_footer_widgets":"default","ocean_display_footer_bottom":"default","ocean_custom_footer_template":"0","footnotes":""},"class_list":["post-238","page","type-page","status-publish","hentry","entry"],"acf":[],"_links":{"self":[{"href":"https:\/\/plyppi.com\/sv\/wp-json\/wp\/v2\/pages\/238","targetHints":{"allow":["GET"]}}],"collection":[{"href":"https:\/\/plyppi.com\/sv\/wp-json\/wp\/v2\/pages"}],"about":[{"href":"https:\/\/plyppi.com\/sv\/wp-json\/wp\/v2\/types\/page"}],"author":[{"embeddable":true,"href":"https:\/\/plyppi.com\/sv\/wp-json\/wp\/v2\/users\/1"}],"replies":[{"embeddable":true,"href":"https:\/\/plyppi.com\/sv\/wp-json\/wp\/v2\/comments?post=238"}],"version-history":[{"count":94,"href":"https:\/\/plyppi.com\/sv\/wp-json\/wp\/v2\/pages\/238\/revisions"}],"predecessor-version":[{"id":3038,"href":"https:\/\/plyppi.com\/sv\/wp-json\/wp\/v2\/pages\/238\/revisions\/3038"}],"wp:attachment":[{"href":"https:\/\/plyppi.com\/sv\/wp-json\/wp\/v2\/media?parent=238"}],"curies":[{"name":"wp","href":"https:\/\/api.w.org\/{rel}","templated":true}]}}